{"id":11,"date":"2026-05-07T12:44:02","date_gmt":"2026-05-07T12:44:02","guid":{"rendered":"https:\/\/etcheverry.lantegia.io\/?page_id=11"},"modified":"2026-05-07T13:15:16","modified_gmt":"2026-05-07T13:15:16","slug":"accueil","status":"publish","type":"page","link":"https:\/\/etcheverry.lantegia.io\/","title":{"rendered":"Accueil"},"content":{"rendered":"\t\t<div data-elementor-type=\"wp-page\" data-elementor-id=\"11\" class=\"elementor elementor-11\" data-elementor-post-type=\"page\">\n\t\t\t\t<div class=\"elementor-element elementor-element-9400d32 e-flex e-con-boxed e-con e-parent\" data-id=\"9400d32\" data-element_type=\"container\" data-e-type=\"container\" data-settings=\"{&quot;background_background&quot;:&quot;slideshow&quot;,&quot;background_slideshow_gallery&quot;:[{&quot;id&quot;:11245,&quot;url&quot;:&quot;https:\\\/\\\/etcheverry.lantegia.io\\\/wp-content\\\/uploads\\\/2019\\\/04\\\/IMG_0153.jpg&quot;},{&quot;id&quot;:11027,&quot;url&quot;:&quot;https:\\\/\\\/etcheverry.lantegia.io\\\/wp-content\\\/uploads\\\/2019\\\/03\\\/MAT-1.jpg&quot;},{&quot;id&quot;:10896,&quot;url&quot;:&quot;https:\\\/\\\/etcheverry.lantegia.io\\\/wp-content\\\/uploads\\\/2018\\\/07\\\/ETCHEVERRY-EQUIPEMENTS-2.jpg&quot;},{&quot;id&quot;:10898,&quot;url&quot;:&quot;https:\\\/\\\/etcheverry.lantegia.io\\\/wp-content\\\/uploads\\\/2018\\\/07\\\/ETCHEVERRY-EQUIPEMENTS-BELTXU.jpg&quot;}],&quot;background_slideshow_slide_duration&quot;:3000,&quot;background_slideshow_loop&quot;:&quot;yes&quot;,&quot;background_slideshow_slide_transition&quot;:&quot;fade&quot;,&quot;background_slideshow_transition_duration&quot;:500}\">\n\t\t\t\t\t<div class=\"e-con-inner\">\n\t\t\t\t<div class=\"elementor-element elementor-element-ceb86a0 elementor-widget elementor-widget-heading\" data-id=\"ceb86a0\" data-element_type=\"widget\" data-e-type=\"widget\" data-widget_type=\"heading.default\">\n\t\t\t\t\t<h1 class=\"elementor-heading-title elementor-size-default\">Mat\u00e9riel d'\u00e9levage <br>\net de traite<\/h1>\t\t\t\t<\/div>\n\t\t\t\t<div class=\"elementor-element elementor-element-ddeebc2 elementor-widget elementor-widget-button\" data-id=\"ddeebc2\" data-element_type=\"widget\" data-e-type=\"widget\" data-widget_type=\"button.default\">\n\t\t\t\t\t\t\t\t\t\t<a class=\"elementor-button elementor-button-link elementor-size-sm\" href=\"#\">\n\t\t\t\t\t\t<span class=\"elementor-button-content-wrapper\">\n\t\t\t\t\t\t\t\t\t<span class=\"elementor-button-text\">Consulter notre catalogue<\/span>\n\t\t\t\t\t<\/span>\n\t\t\t\t\t<\/a>\n\t\t\t\t\t\t\t\t<\/div>\n\t\t\t\t\t<\/div>\n\t\t\t\t<\/div>\n\t\t<div class=\"elementor-element elementor-element-d782997 e-flex e-con-boxed e-con e-parent\" data-id=\"d782997\" data-element_type=\"container\" data-e-type=\"container\">\n\t\t\t\t\t<div class=\"e-con-inner\">\n\t\t<div class=\"elementor-element elementor-element-af8bb38 e-con-full e-flex e-con e-child\" data-id=\"af8bb38\" data-element_type=\"container\" data-e-type=\"container\">\n\t\t\t\t<div class=\"elementor-element elementor-element-fcf8c19 elementor-widget elementor-widget-text-editor\" data-id=\"fcf8c19\" data-element_type=\"widget\" data-e-type=\"widget\" data-widget_type=\"text-editor.default\">\n\t\t\t\t\t\t\t\t\t<p><span class=\"etche\">Etcheverry <\/span>\u00e9quipements, <br \/>le sp\u00e9cialiste de <br \/><span class=\"etche\">l\u2019alimentation<\/span> &amp; <span class=\"etche\">la traite.<\/span><\/p>\t\t\t\t\t\t\t\t<\/div>\n\t\t\t\t<div class=\"elementor-element elementor-element-0a0db5d elementor-widget-divider--view-line elementor-widget elementor-widget-divider\" data-id=\"0a0db5d\" data-element_type=\"widget\" data-e-type=\"widget\" data-widget_type=\"divider.default\">\n\t\t\t\t\t\t\t<div class=\"elementor-divider\">\n\t\t\t<span class=\"elementor-divider-separator\">\n\t\t\t\t\t\t<\/span>\n\t\t<\/div>\n\t\t\t\t\t\t<\/div>\n\t\t\t\t<\/div>\n\t\t<div class=\"elementor-element elementor-element-7279df8 e-con-full e-flex e-con e-child\" data-id=\"7279df8\" data-element_type=\"container\" data-e-type=\"container\">\n\t\t\t\t<div class=\"elementor-element elementor-element-fe48aff elementor-widget elementor-widget-text-editor\" data-id=\"fe48aff\" data-element_type=\"widget\" data-e-type=\"widget\" data-widget_type=\"text-editor.default\">\n\t\t\t\t\t\t\t\t\t<p>Notre entreprise Etcheverry \u00c9quipement est sp\u00e9cialis\u00e9e dans\u00a0<strong>la vente, l\u2019installation, la r\u00e9paration et l\u2019entretien de mat\u00e9riel d\u2019\u00e9levage pour ovins.<\/strong>\u00a0Nous sommes bas\u00e9s \u00e0 Saint Jean le Vieux et notre secteur d\u2019activit\u00e9 s\u2019\u00e9tend sur l\u2019ensemble du Pays Basque et une partie du B\u00e9arn.<\/p>\t\t\t\t\t\t\t\t<\/div>\n\t\t\t\t<\/div>\n\t\t\t\t\t<\/div>\n\t\t\t\t<\/div>\n\t\t\t\t<\/div>\n\t\t","protected":false},"excerpt":{"rendered":"<p>Mat\u00e9riel d&rsquo;\u00e9levage et de traite Consulter notre catalogue Etcheverry \u00e9quipements, le sp\u00e9cialiste de l\u2019alimentation &amp; la traite. Notre entreprise Etcheverry \u00c9quipement est sp\u00e9cialis\u00e9e dans\u00a0la vente, l\u2019installation, la r\u00e9paration et l\u2019entretien de mat\u00e9riel d\u2019\u00e9levage pour ovins.\u00a0Nous sommes bas\u00e9s \u00e0 Saint Jean le Vieux et notre secteur d\u2019activit\u00e9 s\u2019\u00e9tend sur l\u2019ensemble du Pays Basque et une partie [&hellip;]<\/p>\n","protected":false},"author":1,"featured_media":0,"parent":0,"menu_order":0,"comment_status":"closed","ping_status":"closed","template":"","meta":{"_acf_changed":false,"footnotes":""},"class_list":["post-11","page","type-page","status-publish","hentry"],"acf":[],"_links":{"self":[{"href":"https:\/\/etcheverry.lantegia.io\/index.php?rest_route=\/wp\/v2\/pages\/11","targetHints":{"allow":["GET"]}}],"collection":[{"href":"https:\/\/etcheverry.lantegia.io\/index.php?rest_route=\/wp\/v2\/pages"}],"about":[{"href":"https:\/\/etcheverry.lantegia.io\/index.php?rest_route=\/wp\/v2\/types\/page"}],"author":[{"embeddable":true,"href":"https:\/\/etcheverry.lantegia.io\/index.php?rest_route=\/wp\/v2\/users\/1"}],"replies":[{"embeddable":true,"href":"https:\/\/etcheverry.lantegia.io\/index.php?rest_route=%2Fwp%2Fv2%2Fcomments&post=11"}],"version-history":[{"count":10,"href":"https:\/\/etcheverry.lantegia.io\/index.php?rest_route=\/wp\/v2\/pages\/11\/revisions"}],"predecessor-version":[{"id":11953,"href":"https:\/\/etcheverry.lantegia.io\/index.php?rest_route=\/wp\/v2\/pages\/11\/revisions\/11953"}],"wp:attachment":[{"href":"https:\/\/etcheverry.lantegia.io\/index.php?rest_route=%2Fwp%2Fv2%2Fmedia&parent=11"}],"curies":[{"name":"wp","href":"https:\/\/api.w.org\/{rel}","templated":true}]}}